
{"id":337,"date":"2015-05-20T11:53:00","date_gmt":"2015-05-20T11:53:00","guid":{"rendered":"http:\/\/lasfontaninas.es\/vacaciones\/?page_id=337"},"modified":"2024-01-31T21:30:55","modified_gmt":"2024-01-31T21:30:55","slug":"contacto","status":"publish","type":"page","link":"https:\/\/lasfontaninas.es\/hotelruralbierzo\/contacto\/","title":{"rendered":"TARIFAS"},"content":{"rendered":"<table style=\"border-color: #ffffff;\" border=\"0\" cellpadding=\"0\">\n<tbody>\n<tr>\n<td>\n<p style=\"text-align: center;\"><span style=\"color: #993300;\"><strong><span style=\"text-decoration: underline;\">Precios Alojamiento<\/span><\/strong><\/span><\/p>\n<p style=\"text-align: center;\"><span style=\"color: #000000;\">Para cualquier consulta puedes llamarnos por tel\u00e9fono al 615 098 794.<br \/>\nTambi\u00e9n a trav\u00e9s de nuestro formulario indic\u00e1ndonos tus datos.<\/span><\/p>\n<p style=\"text-align: center;\"><span style=\"color: #000000;\">&#8212;&#8212;&#8212;&#8212;&#8211;<\/span><br \/>\n<span style=\"color: #000000;\"> Preg\u00fantanos por las tarifas para grupos, grupos con ni\u00f1os y familias.<\/span><br \/>\n<span style=\"color: #000000;\"> &#8212;&#8212;&#8212;&#8212;&#8211;<\/span><br \/>\n<span style=\"color: #000000;\"> &#8212;&#8212;&#8212;-<\/span><br \/>\n<span style=\"color: #000000;\"> Disponemos de men\u00fa para comidas y\/o cenas, con platos t\u00edpicos de la zona.<\/span><br \/>\n<span style=\"color: #000000;\">Preparamos men\u00fas para intolerantes, vegetarianos, alergias<\/span><br \/>\n<span style=\"color: #000000;\"> &#8212;&#8212;&#8212;&#8212;&#8212;&#8211;<\/span><\/p>\n<table style=\"border-color: #ffffff;\" border=\"0\" cellpadding=\"0\">\n<tbody>\n<tr>\n<td style=\"text-align: center;\"><span style=\"color: #000000;\">\u00a0<\/span><\/td>\n<td style=\"text-align: center;\"><span style=\"color: #000000;\"><div role=\"form\" class=\"wpcf7\" id=\"wpcf7-f733-o1\" lang=\"es-ES\" dir=\"ltr\">\n<div class=\"screen-reader-response\"><p role=\"status\" aria-live=\"polite\" aria-atomic=\"true\"><\/p> <ul><\/ul><\/div>\n<form action=\"\/hotelruralbierzo\/wp-json\/wp\/v2\/pages\/337#wpcf7-f733-o1\" method=\"post\" class=\"wpcf7-form init\" novalidate=\"novalidate\" data-status=\"init\">\n<div style=\"display: none;\">\n<input type=\"hidden\" name=\"_wpcf7\" value=\"733\" \/>\n<input type=\"hidden\" name=\"_wpcf7_version\" value=\"5.6.4\" \/>\n<input type=\"hidden\" name=\"_wpcf7_locale\" value=\"es_ES\" \/>\n<input type=\"hidden\" name=\"_wpcf7_unit_tag\" value=\"wpcf7-f733-o1\" \/>\n<input type=\"hidden\" name=\"_wpcf7_container_post\" value=\"0\" \/>\n<input type=\"hidden\" name=\"_wpcf7_posted_data_hash\" value=\"\" \/>\n<\/div>\n<p>Nombre (requerido)<br \/>\n    <span class=\"wpcf7-form-control-wrap\" data-name=\"your-name\"><input type=\"text\" name=\"your-name\" value=\"\" size=\"40\" class=\"wpcf7-form-control wpcf7-text wpcf7-validates-as-required\" aria-required=\"true\" aria-invalid=\"false\" \/><\/span> <\/p>\n<p>Correo electr\u00f3nico (requerido)<br \/>\n    <span class=\"wpcf7-form-control-wrap\" data-name=\"your-email\"><input type=\"email\" name=\"your-email\" value=\"\" size=\"40\" class=\"wpcf7-form-control wpcf7-text wpcf7-email wpcf7-validates-as-required wpcf7-validates-as-email\" aria-required=\"true\" aria-invalid=\"false\" \/><\/span> <\/p>\n<p>Asunto<br \/>\n    <span class=\"wpcf7-form-control-wrap\" data-name=\"your-subject\"><input type=\"text\" name=\"your-subject\" value=\"\" size=\"40\" class=\"wpcf7-form-control wpcf7-text\" aria-invalid=\"false\" \/><\/span> <\/p>\n<p>Indica el n\u00famero de tel\u00e9fono y Mensaje<br \/>\n    <span class=\"wpcf7-form-control-wrap\" data-name=\"your-message\"><textarea name=\"your-message\" cols=\"40\" rows=\"10\" class=\"wpcf7-form-control wpcf7-textarea\" aria-invalid=\"false\"><\/textarea><\/span> <\/p>\n<p><br><span><span class=\"wpcf7-form-control-wrap\" data-name=\"acceptance-279\"><span class=\"wpcf7-form-control wpcf7-acceptance\"><span class=\"wpcf7-list-item\"><input type=\"checkbox\" name=\"acceptance-279\" value=\"1\" aria-invalid=\"false\" \/><\/span><\/span><\/span> He le\u00eddo y acepto el <a target=\"_blank\" rel=\"nofollow noopener noreferrer\" href=\"http:\/\/lasfontaninas.es\/hotelruralbierzo\/avisos-legales\">Aviso Legal<\/a> y la <a target=\"_blank\" rel=\"nofollow noopener noreferrer\" href=\"http:\/\/lasfontaninas.es\/hotelruralbierzo\/politica-de-privacidad\">Pol\u00edtica de Privacidad<\/a>.<\/span><br><input type=\"submit\" value=\"Enviar\" class=\"wpcf7-form-control has-spinner wpcf7-submit\" \/><\/p>\n<div class=\"wpcf7-response-output\" aria-hidden=\"true\"><\/div><\/form><\/div><\/span><\/td>\n<\/tr>\n<\/tbody>\n<\/table>\n<\/td>\n<\/tr>\n<\/tbody>\n<\/table>\n","protected":false},"excerpt":{"rendered":"<p>Precios Alojamiento Para cualquier consulta puedes llamarnos por tel\u00e9fono al 615 098 794. Tambi\u00e9n a trav\u00e9s de nuestro formulario indic\u00e1ndonos tus datos. &#8212;&#8212;&#8212;&#8212;&#8211; Preg\u00fantanos por las tarifas para grupos, grupos con ni\u00f1os y familias. &#8212;&#8212;&#8212;&#8212;&#8211; &#8212;&#8212;&#8212;- Disponemos de men\u00fa para comidas y\/o cenas, con platos t\u00edpicos de la zona. Preparamos men\u00fas para intolerantes, vegetarianos, alergias [&hellip;]<\/p>\n","protected":false},"author":2,"featured_media":0,"parent":0,"menu_order":0,"comment_status":"closed","ping_status":"closed","template":"","meta":[],"_links":{"self":[{"href":"https:\/\/lasfontaninas.es\/hotelruralbierzo\/wp-json\/wp\/v2\/pages\/337"}],"collection":[{"href":"https:\/\/lasfontaninas.es\/hotelruralbierzo\/wp-json\/wp\/v2\/pages"}],"about":[{"href":"https:\/\/lasfontaninas.es\/hotelruralbierzo\/wp-json\/wp\/v2\/types\/page"}],"author":[{"embeddable":true,"href":"https:\/\/lasfontaninas.es\/hotelruralbierzo\/wp-json\/wp\/v2\/users\/2"}],"replies":[{"embeddable":true,"href":"https:\/\/lasfontaninas.es\/hotelruralbierzo\/wp-json\/wp\/v2\/comments?post=337"}],"version-history":[{"count":10,"href":"https:\/\/lasfontaninas.es\/hotelruralbierzo\/wp-json\/wp\/v2\/pages\/337\/revisions"}],"predecessor-version":[{"id":866,"href":"https:\/\/lasfontaninas.es\/hotelruralbierzo\/wp-json\/wp\/v2\/pages\/337\/revisions\/866"}],"wp:attachment":[{"href":"https:\/\/lasfontaninas.es\/hotelruralbierzo\/wp-json\/wp\/v2\/media?parent=337"}],"curies":[{"name":"wp","href":"https:\/\/api.w.org\/{rel}","templated":true}]}}