
{"id":349,"date":"2015-05-20T14:06:08","date_gmt":"2015-05-20T14:06:08","guid":{"rendered":"http:\/\/lasfontaninas.es\/vacaciones\/?page_id=349"},"modified":"2022-11-16T15:16:28","modified_gmt":"2022-11-16T15:16:28","slug":"hotelconactividades","status":"publish","type":"page","link":"https:\/\/lasfontaninas.es\/hotelruralbierzo\/hotelconactividades\/","title":{"rendered":"ACTIVIDADES"},"content":{"rendered":"<table style=\"height: 37px; border-color: #ffffff;\" border=\"0\" width=\"624\" cellpadding=\"0\">\n<tbody>\n<tr>\n<td><strong><span style=\"text-decoration: underline;\"><span style=\"color: #333399; text-decoration: underline;\">RUTA DE LAS FUENTES MEDICINALES<\/span><\/span><\/strong><\/td>\n<\/tr>\n<tr>\n<td><span style=\"color: #000000;\"><span style=\"color: #000000;\">La ruta de las fuentes medicinales es el mayor reclamo tur\u00edstico de noceda, consiste en una ruta de senderismo de dificultad media de una distancia total de 10km y el tiempo de duraci\u00f3n es de 3h. Se puede hacer en cualquier \u00e9poca del a\u00f1o.<br \/>\nEn la ruta encontraras a parte de un maravilloso paisaje, \u00abLa fuente del Azufre\u00bb, el agua de este manantial es declarada ferruginosa, bicarbonatada y mixta. Agua potable. \u00abFuente de la Salud\u00bb, el agua de este manantial es declarada oligomineral, clorurada, sulfatadas y mixta. Agua potable. \u00abFuente del Rubio\u00bb, el agua de este manantial es declarada oligomineral, bicarbonatada y s\u00f3dica. Agua potable.<br \/>\nTambi\u00e9n encontraras distintas cataratas, la \u00abCatarata de la Gualta\u00bb es la m\u00e1s famosa.<br \/>\n<\/span><\/span>\n\t\t<style type=\"text\/css\">\n\t\t\t#gallery-1 {\n\t\t\t\tmargin: auto;\n\t\t\t}\n\t\t\t#gallery-1 .gallery-item {\n\t\t\t\tfloat: left;\n\t\t\t\tmargin-top: 10px;\n\t\t\t\ttext-align: center;\n\t\t\t\twidth: 14%;\n\t\t\t}\n\t\t\t#gallery-1 img {\n\t\t\t\tborder: 2px solid #cfcfcf;\n\t\t\t}\n\t\t\t#gallery-1 .gallery-caption {\n\t\t\t\tmargin-left: 0;\n\t\t\t}\n\t\t\t\/* see gallery_shortcode() in wp-includes\/media.php *\/\n\t\t<\/style>\n\t\t<div id='gallery-1' class='gallery galleryid-349 gallery-columns-7 gallery-size-thumbnail'><dl class='gallery-item'>\n\t\t\t<dt class='gallery-icon landscape'>\n\t\t\t\t<a href='https:\/\/lasfontaninas.es\/hotelruralbierzo\/wp-content\/uploads\/2015\/05\/2010_1123las_melonas0028-449x304.jpg' title=\"\" data-rl_title=\"\" class=\"rl-gallery-link\" data-rl_caption=\"\" data-rel=\"lightbox-gallery-1\"><img width=\"150\" height=\"150\" src=\"https:\/\/lasfontaninas.es\/hotelruralbierzo\/wp-content\/uploads\/2015\/05\/2010_1123las_melonas0028-449x304-150x150.jpg\" class=\"attachment-thumbnail size-thumbnail\" alt=\"\" decoding=\"async\" loading=\"lazy\" aria-describedby=\"gallery-1-664\" \/><\/a>\n\t\t\t<\/dt>\n\t\t\t\t<dd class='wp-caption-text gallery-caption' id='gallery-1-664'>\n\t\t\t\tRuta de las fuentes medicinales\n\t\t\t\t<\/dd><\/dl><dl class='gallery-item'>\n\t\t\t<dt class='gallery-icon portrait'>\n\t\t\t\t<a href='https:\/\/lasfontaninas.es\/hotelruralbierzo\/wp-content\/uploads\/2015\/05\/1594560.jpg' title=\"\" data-rl_title=\"\" class=\"rl-gallery-link\" data-rl_caption=\"\" data-rel=\"lightbox-gallery-1\"><img width=\"150\" height=\"150\" src=\"https:\/\/lasfontaninas.es\/hotelruralbierzo\/wp-content\/uploads\/2015\/05\/1594560-150x150.jpg\" class=\"attachment-thumbnail size-thumbnail\" alt=\"\" decoding=\"async\" loading=\"lazy\" aria-describedby=\"gallery-1-665\" \/><\/a>\n\t\t\t<\/dt>\n\t\t\t\t<dd class='wp-caption-text gallery-caption' id='gallery-1-665'>\n\t\t\t\tRuta de las fuentes medicinales\n\t\t\t\t<\/dd><\/dl><dl class='gallery-item'>\n\t\t\t<dt class='gallery-icon landscape'>\n\t\t\t\t<a href='https:\/\/lasfontaninas.es\/hotelruralbierzo\/wp-content\/uploads\/2015\/05\/1311322729799noceda-fuentes2dn.jpg' title=\"\" data-rl_title=\"\" class=\"rl-gallery-link\" data-rl_caption=\"\" data-rel=\"lightbox-gallery-1\"><img width=\"150\" height=\"150\" src=\"https:\/\/lasfontaninas.es\/hotelruralbierzo\/wp-content\/uploads\/2015\/05\/1311322729799noceda-fuentes2dn-150x150.jpg\" class=\"attachment-thumbnail size-thumbnail\" alt=\"\" decoding=\"async\" loading=\"lazy\" aria-describedby=\"gallery-1-666\" \/><\/a>\n\t\t\t<\/dt>\n\t\t\t\t<dd class='wp-caption-text gallery-caption' id='gallery-1-666'>\n\t\t\t\tRuta de las fuentes medicinales\n\t\t\t\t<\/dd><\/dl><dl class='gallery-item'>\n\t\t\t<dt class='gallery-icon portrait'>\n\t\t\t\t<a href='https:\/\/lasfontaninas.es\/hotelruralbierzo\/wp-content\/uploads\/2015\/05\/azufre.jpg' title=\"\" data-rl_title=\"\" class=\"rl-gallery-link\" data-rl_caption=\"\" data-rel=\"lightbox-gallery-1\"><img width=\"150\" height=\"150\" src=\"https:\/\/lasfontaninas.es\/hotelruralbierzo\/wp-content\/uploads\/2015\/05\/azufre-150x150.jpg\" class=\"attachment-thumbnail size-thumbnail\" alt=\"\" decoding=\"async\" loading=\"lazy\" aria-describedby=\"gallery-1-667\" \/><\/a>\n\t\t\t<\/dt>\n\t\t\t\t<dd class='wp-caption-text gallery-caption' id='gallery-1-667'>\n\t\t\t\tRuta de las fuentes medicinales\n\t\t\t\t<\/dd><\/dl><dl class='gallery-item'>\n\t\t\t<dt class='gallery-icon landscape'>\n\t\t\t\t<a href='https:\/\/lasfontaninas.es\/hotelruralbierzo\/wp-content\/uploads\/2015\/05\/Fuentes-medicinales-google-earth.jpg' title=\"\" data-rl_title=\"\" class=\"rl-gallery-link\" data-rl_caption=\"\" data-rel=\"lightbox-gallery-1\"><img width=\"150\" height=\"150\" src=\"https:\/\/lasfontaninas.es\/hotelruralbierzo\/wp-content\/uploads\/2015\/05\/Fuentes-medicinales-google-earth-150x150.jpg\" class=\"attachment-thumbnail size-thumbnail\" alt=\"\" decoding=\"async\" loading=\"lazy\" aria-describedby=\"gallery-1-668\" \/><\/a>\n\t\t\t<\/dt>\n\t\t\t\t<dd class='wp-caption-text gallery-caption' id='gallery-1-668'>\n\t\t\t\tRuta de las fuentes medicinales\n\t\t\t\t<\/dd><\/dl><dl class='gallery-item'>\n\t\t\t<dt class='gallery-icon portrait'>\n\t\t\t\t<a href='https:\/\/lasfontaninas.es\/hotelruralbierzo\/wp-content\/uploads\/2015\/05\/fuentes_curativas_noceda.jpg' title=\"\" data-rl_title=\"\" class=\"rl-gallery-link\" data-rl_caption=\"\" data-rel=\"lightbox-gallery-1\"><img width=\"150\" height=\"150\" src=\"https:\/\/lasfontaninas.es\/hotelruralbierzo\/wp-content\/uploads\/2015\/05\/fuentes_curativas_noceda-150x150.jpg\" class=\"attachment-thumbnail size-thumbnail\" alt=\"\" decoding=\"async\" loading=\"lazy\" aria-describedby=\"gallery-1-669\" \/><\/a>\n\t\t\t<\/dt>\n\t\t\t\t<dd class='wp-caption-text gallery-caption' id='gallery-1-669'>\n\t\t\t\tRuta de las fuentes medicinales\n\t\t\t\t<\/dd><\/dl><dl class='gallery-item'>\n\t\t\t<dt class='gallery-icon landscape'>\n\t\t\t\t<a href='https:\/\/lasfontaninas.es\/hotelruralbierzo\/wp-content\/uploads\/2015\/05\/Ruta-de-las-Fuentes-Medicinales-00.jpg' title=\"\" data-rl_title=\"\" class=\"rl-gallery-link\" data-rl_caption=\"\" data-rel=\"lightbox-gallery-1\"><img width=\"150\" height=\"150\" src=\"https:\/\/lasfontaninas.es\/hotelruralbierzo\/wp-content\/uploads\/2015\/05\/Ruta-de-las-Fuentes-Medicinales-00-150x150.jpg\" class=\"attachment-thumbnail size-thumbnail\" alt=\"\" decoding=\"async\" loading=\"lazy\" aria-describedby=\"gallery-1-670\" \/><\/a>\n\t\t\t<\/dt>\n\t\t\t\t<dd class='wp-caption-text gallery-caption' id='gallery-1-670'>\n\t\t\t\tRuta de las fuentes medicinales\n\t\t\t\t<\/dd><\/dl><br style=\"clear: both\" \/>\n\t\t<\/div>\n<\/td>\n<\/tr>\n<\/tbody>\n<\/table>\n<table style=\"border-color: #ffffff;\" cellspacing=\"0\" cellpadding=\"0\">\n<tbody>\n<tr>\n<td><span style=\"text-decoration: underline;\"><strong><span style=\"color: #339966; text-decoration: underline;\">PARAPENTE<\/span><\/strong><\/span><\/td>\n<\/tr>\n<tr>\n<td><span style=\"color: #000000;\">En la sierra de Gistredo hay dos pistas de despegue; una es\u00a0<em>\u00abGistredo\u00bb<\/em>, vuelo por excelencia de El Bierzo, con desnivel de casi 900 mts y amplios aterrizajes aptos para alas delta y parapentes. Buenos despegues con orientaci\u00f3n sur, sur oeste y sur este. Y otra es\u00a0<em>\u00abCervat\u00edn\u00bb<\/em>, esta zona de vuelo est\u00e1 situada en la sierra de Gistredo, justo al lado de Noceda del Bierzo. La ladera est\u00e1 orientada oeste y suroeste y el desnivel es de 800 metros hasta el aterrizaje de Noceda. Si quieres probar nuevas aventuras puedes realizar \u00abvuelos en tamden\u00bb, un vuelo bi-plaza dura entre 15-30 minutos, dependiendo de las condiciones meteo o realizar un \u00abcursos de iniciaci\u00f3n\u00bb algunos d\u00edas de pr\u00e1ctica en tierra o alg\u00fan vuelo peque\u00f1o en biplaza antes de empezar a volar t\u00fa s\u00f3lo.<\/span><br \/>\n\n\t\t<style type=\"text\/css\">\n\t\t\t#gallery-2 {\n\t\t\t\tmargin: auto;\n\t\t\t}\n\t\t\t#gallery-2 .gallery-item {\n\t\t\t\tfloat: left;\n\t\t\t\tmargin-top: 10px;\n\t\t\t\ttext-align: center;\n\t\t\t\twidth: 20%;\n\t\t\t}\n\t\t\t#gallery-2 img {\n\t\t\t\tborder: 2px solid #cfcfcf;\n\t\t\t}\n\t\t\t#gallery-2 .gallery-caption {\n\t\t\t\tmargin-left: 0;\n\t\t\t}\n\t\t\t\/* see gallery_shortcode() in wp-includes\/media.php *\/\n\t\t<\/style>\n\t\t<div id='gallery-2' class='gallery galleryid-349 gallery-columns-5 gallery-size-thumbnail'><dl class='gallery-item'>\n\t\t\t<dt class='gallery-icon landscape'>\n\t\t\t\t<a href='https:\/\/lasfontaninas.es\/hotelruralbierzo\/wp-content\/uploads\/2015\/05\/1.jpg' title=\"\" data-rl_title=\"\" class=\"rl-gallery-link\" data-rl_caption=\"\" data-rel=\"lightbox-gallery-2\"><img width=\"150\" height=\"150\" src=\"https:\/\/lasfontaninas.es\/hotelruralbierzo\/wp-content\/uploads\/2015\/05\/1-150x150.jpg\" class=\"attachment-thumbnail size-thumbnail\" alt=\"\" decoding=\"async\" loading=\"lazy\" aria-describedby=\"gallery-2-405\" \/><\/a>\n\t\t\t<\/dt>\n\t\t\t\t<dd class='wp-caption-text gallery-caption' id='gallery-2-405'>\n\t\t\t\tParapente\n\t\t\t\t<\/dd><\/dl><dl class='gallery-item'>\n\t\t\t<dt class='gallery-icon landscape'>\n\t\t\t\t<a href='https:\/\/lasfontaninas.es\/hotelruralbierzo\/wp-content\/uploads\/2015\/05\/07.jpg' title=\"\" data-rl_title=\"\" class=\"rl-gallery-link\" data-rl_caption=\"\" data-rel=\"lightbox-gallery-2\"><img width=\"150\" height=\"150\" src=\"https:\/\/lasfontaninas.es\/hotelruralbierzo\/wp-content\/uploads\/2015\/05\/07-150x150.jpg\" class=\"attachment-thumbnail size-thumbnail\" alt=\"\" decoding=\"async\" loading=\"lazy\" aria-describedby=\"gallery-2-406\" \/><\/a>\n\t\t\t<\/dt>\n\t\t\t\t<dd class='wp-caption-text gallery-caption' id='gallery-2-406'>\n\t\t\t\tParapente\n\t\t\t\t<\/dd><\/dl><dl class='gallery-item'>\n\t\t\t<dt class='gallery-icon landscape'>\n\t\t\t\t<a href='https:\/\/lasfontaninas.es\/hotelruralbierzo\/wp-content\/uploads\/2015\/05\/cache_2421354636.jpg' title=\"\" data-rl_title=\"\" class=\"rl-gallery-link\" data-rl_caption=\"\" data-rel=\"lightbox-gallery-2\"><img width=\"150\" height=\"150\" src=\"https:\/\/lasfontaninas.es\/hotelruralbierzo\/wp-content\/uploads\/2015\/05\/cache_2421354636-150x150.jpg\" class=\"attachment-thumbnail size-thumbnail\" alt=\"\" decoding=\"async\" loading=\"lazy\" aria-describedby=\"gallery-2-407\" \/><\/a>\n\t\t\t<\/dt>\n\t\t\t\t<dd class='wp-caption-text gallery-caption' id='gallery-2-407'>\n\t\t\t\tParapente\n\t\t\t\t<\/dd><\/dl><dl class='gallery-item'>\n\t\t\t<dt class='gallery-icon landscape'>\n\t\t\t\t<a href='https:\/\/lasfontaninas.es\/hotelruralbierzo\/wp-content\/uploads\/2015\/05\/DSCF0534.jpg' title=\"\" data-rl_title=\"\" class=\"rl-gallery-link\" data-rl_caption=\"\" data-rel=\"lightbox-gallery-2\"><img width=\"150\" height=\"150\" src=\"https:\/\/lasfontaninas.es\/hotelruralbierzo\/wp-content\/uploads\/2015\/05\/DSCF0534-150x150.jpg\" class=\"attachment-thumbnail size-thumbnail\" alt=\"\" decoding=\"async\" loading=\"lazy\" aria-describedby=\"gallery-2-408\" \/><\/a>\n\t\t\t<\/dt>\n\t\t\t\t<dd class='wp-caption-text gallery-caption' id='gallery-2-408'>\n\t\t\t\tParapente\n\t\t\t\t<\/dd><\/dl><dl class='gallery-item'>\n\t\t\t<dt class='gallery-icon landscape'>\n\t\t\t\t<a href='https:\/\/lasfontaninas.es\/hotelruralbierzo\/wp-content\/uploads\/2015\/05\/parapente_biplaza.jpg' title=\"\" data-rl_title=\"\" class=\"rl-gallery-link\" data-rl_caption=\"\" data-rel=\"lightbox-gallery-2\"><img width=\"150\" height=\"150\" src=\"https:\/\/lasfontaninas.es\/hotelruralbierzo\/wp-content\/uploads\/2015\/05\/parapente_biplaza-150x150.jpg\" class=\"attachment-thumbnail size-thumbnail\" alt=\"\" decoding=\"async\" loading=\"lazy\" aria-describedby=\"gallery-2-409\" \/><\/a>\n\t\t\t<\/dt>\n\t\t\t\t<dd class='wp-caption-text gallery-caption' id='gallery-2-409'>\n\t\t\t\tParapente\n\t\t\t\t<\/dd><\/dl><br style=\"clear: both\" \/>\n\t\t<\/div>\n<\/td>\n<\/tr>\n<\/tbody>\n<\/table>\n<table style=\"border-color: #ffffff;\" border=\"0\" cellpadding=\"0\">\n<tbody>\n<tr>\n<td><span style=\"text-decoration: underline; color: #800000;\"><strong>PASEOS A CABALLO<\/strong><\/span><\/td>\n<\/tr>\n<tr>\n<td><span style=\"color: #000000;\">\u00a0Noceda del bierzo esta rodeada de montes y monta\u00f1as, existen infinidad de rutas para dar paseos o realizar excursiones. Una opci\u00f3n para disfrutar de la naturaleza y descubrir rincones desconocidos de El Bierzo.<\/span>\n\t\t<style type=\"text\/css\">\n\t\t\t#gallery-3 {\n\t\t\t\tmargin: auto;\n\t\t\t}\n\t\t\t#gallery-3 .gallery-item {\n\t\t\t\tfloat: left;\n\t\t\t\tmargin-top: 10px;\n\t\t\t\ttext-align: center;\n\t\t\t\twidth: 33%;\n\t\t\t}\n\t\t\t#gallery-3 img {\n\t\t\t\tborder: 2px solid #cfcfcf;\n\t\t\t}\n\t\t\t#gallery-3 .gallery-caption {\n\t\t\t\tmargin-left: 0;\n\t\t\t}\n\t\t\t\/* see gallery_shortcode() in wp-includes\/media.php *\/\n\t\t<\/style>\n\t\t<div id='gallery-3' class='gallery galleryid-349 gallery-columns-3 gallery-size-thumbnail'><dl class='gallery-item'>\n\t\t\t<dt class='gallery-icon portrait'>\n\t\t\t\t<a href='https:\/\/lasfontaninas.es\/hotelruralbierzo\/wp-content\/uploads\/2015\/05\/emotionheader5779729188.jpg' title=\"\" data-rl_title=\"\" class=\"rl-gallery-link\" data-rl_caption=\"\" data-rel=\"lightbox-gallery-3\"><img width=\"150\" height=\"150\" src=\"https:\/\/lasfontaninas.es\/hotelruralbierzo\/wp-content\/uploads\/2015\/05\/emotionheader5779729188-150x150.jpg\" class=\"attachment-thumbnail size-thumbnail\" alt=\"\" decoding=\"async\" loading=\"lazy\" aria-describedby=\"gallery-3-399\" \/><\/a>\n\t\t\t<\/dt>\n\t\t\t\t<dd class='wp-caption-text gallery-caption' id='gallery-3-399'>\n\t\t\t\tPaseos a caballo\n\t\t\t\t<\/dd><\/dl><dl class='gallery-item'>\n\t\t\t<dt class='gallery-icon landscape'>\n\t\t\t\t<a href='https:\/\/lasfontaninas.es\/hotelruralbierzo\/wp-content\/uploads\/2015\/05\/rutas-a-caballo-rutas-a-caballo-en-agurain-provincia-de-alava_9c3f53ac84b8ab2a6a24ec273e96c9fe_1000_free.jpg' title=\"\" data-rl_title=\"\" class=\"rl-gallery-link\" data-rl_caption=\"\" data-rel=\"lightbox-gallery-3\"><img width=\"150\" height=\"150\" src=\"https:\/\/lasfontaninas.es\/hotelruralbierzo\/wp-content\/uploads\/2015\/05\/rutas-a-caballo-rutas-a-caballo-en-agurain-provincia-de-alava_9c3f53ac84b8ab2a6a24ec273e96c9fe_1000_free-150x150.jpg\" class=\"attachment-thumbnail size-thumbnail\" alt=\"\" decoding=\"async\" loading=\"lazy\" aria-describedby=\"gallery-3-400\" \/><\/a>\n\t\t\t<\/dt>\n\t\t\t\t<dd class='wp-caption-text gallery-caption' id='gallery-3-400'>\n\t\t\t\tPaseos a caballo\n\t\t\t\t<\/dd><\/dl>\n\t\t\t<br style='clear: both' \/>\n\t\t<\/div>\n<\/td>\n<\/tr>\n<\/tbody>\n<\/table>\n<table style=\"border-color: #ffffff;\" border=\"0\" cellpadding=\"0\">\n<tbody>\n<tr>\n<td><span style=\"text-decoration: underline; color: #ff6600;\"><strong>ESQUIAR<\/strong><\/span><\/td>\n<\/tr>\n<tr>\n<td><span style=\"color: #000000;\">Existen dos estaciones de esqu\u00ed en la comarca del Bierzo, si el entorno natural que rodea a las estaciones es excepcional, las variadas rutas alternativas que se abren a al visitante se multiplican. <em>\u00abLeitariegos\u00bb<\/em>, es una peque\u00f1a estaci\u00f3n que se ubica al noroeste de la provincia de Le\u00f3n, nos encontramos a 50km aprox. Dispone de escuela con clases de esqu\u00ed, snowboard y raquetas de nieve. Cota m\u00e1xima:1830 mts; Cota m\u00ednima:1513 mts;Desnivel:317 mts; Total Km: 7.0 Km esquiables; N\u00ba Pistas: 10 pistas (5 rojas, 4 azules, 1 verde).<\/span><br \/>\n<span style=\"color: #000000;\"> <em>\u00abEl Morredero\u00bb<\/em>, es una peque\u00f1a estaci\u00f3n que se enmarca en la sierra del Teleno, nos encontramos a uno 60km aprox. El acceso se realiza coronando el puerto del Morredero a 1.700 m. Cotar: Desde 1.750 m. a 2.000 m. aprox, Pistas: 1 verde, 2 azules. Remontes: 3.<\/span>\n\t\t<style type=\"text\/css\">\n\t\t\t#gallery-4 {\n\t\t\t\tmargin: auto;\n\t\t\t}\n\t\t\t#gallery-4 .gallery-item {\n\t\t\t\tfloat: left;\n\t\t\t\tmargin-top: 10px;\n\t\t\t\ttext-align: center;\n\t\t\t\twidth: 25%;\n\t\t\t}\n\t\t\t#gallery-4 img {\n\t\t\t\tborder: 2px solid #cfcfcf;\n\t\t\t}\n\t\t\t#gallery-4 .gallery-caption {\n\t\t\t\tmargin-left: 0;\n\t\t\t}\n\t\t\t\/* see gallery_shortcode() in wp-includes\/media.php *\/\n\t\t<\/style>\n\t\t<div id='gallery-4' class='gallery galleryid-349 gallery-columns-4 gallery-size-thumbnail'><dl class='gallery-item'>\n\t\t\t<dt class='gallery-icon landscape'>\n\t\t\t\t<a href='https:\/\/lasfontaninas.es\/hotelruralbierzo\/wp-content\/uploads\/2015\/05\/Leitariegos-1.jpg' title=\"\" data-rl_title=\"\" class=\"rl-gallery-link\" data-rl_caption=\"\" data-rel=\"lightbox-gallery-4\"><img width=\"150\" height=\"150\" src=\"https:\/\/lasfontaninas.es\/hotelruralbierzo\/wp-content\/uploads\/2015\/05\/Leitariegos-1-150x150.jpg\" class=\"attachment-thumbnail size-thumbnail\" alt=\"\" decoding=\"async\" loading=\"lazy\" aria-describedby=\"gallery-4-411\" \/><\/a>\n\t\t\t<\/dt>\n\t\t\t\t<dd class='wp-caption-text gallery-caption' id='gallery-4-411'>\n\t\t\t\tEsquiar\n\t\t\t\t<\/dd><\/dl><dl class='gallery-item'>\n\t\t\t<dt class='gallery-icon landscape'>\n\t\t\t\t<a href='https:\/\/lasfontaninas.es\/hotelruralbierzo\/wp-content\/uploads\/2015\/05\/leitariegos.jpg' title=\"\" data-rl_title=\"\" class=\"rl-gallery-link\" data-rl_caption=\"\" data-rel=\"lightbox-gallery-4\"><img width=\"150\" height=\"150\" src=\"https:\/\/lasfontaninas.es\/hotelruralbierzo\/wp-content\/uploads\/2015\/05\/leitariegos-150x150.jpg\" class=\"attachment-thumbnail size-thumbnail\" alt=\"\" decoding=\"async\" loading=\"lazy\" aria-describedby=\"gallery-4-412\" \/><\/a>\n\t\t\t<\/dt>\n\t\t\t\t<dd class='wp-caption-text gallery-caption' id='gallery-4-412'>\n\t\t\t\tEsquiar\n\t\t\t\t<\/dd><\/dl><dl class='gallery-item'>\n\t\t\t<dt class='gallery-icon landscape'>\n\t\t\t\t<a href='https:\/\/lasfontaninas.es\/hotelruralbierzo\/wp-content\/uploads\/2015\/05\/leitariegos_2012-2013.jpg' title=\"\" data-rl_title=\"\" class=\"rl-gallery-link\" data-rl_caption=\"\" data-rel=\"lightbox-gallery-4\"><img width=\"150\" height=\"150\" src=\"https:\/\/lasfontaninas.es\/hotelruralbierzo\/wp-content\/uploads\/2015\/05\/leitariegos_2012-2013-150x150.jpg\" class=\"attachment-thumbnail size-thumbnail\" alt=\"\" decoding=\"async\" loading=\"lazy\" aria-describedby=\"gallery-4-413\" \/><\/a>\n\t\t\t<\/dt>\n\t\t\t\t<dd class='wp-caption-text gallery-caption' id='gallery-4-413'>\n\t\t\t\tLeitariegos\n\t\t\t\t<\/dd><\/dl><dl class='gallery-item'>\n\t\t\t<dt class='gallery-icon landscape'>\n\t\t\t\t<a href='https:\/\/lasfontaninas.es\/hotelruralbierzo\/wp-content\/uploads\/2015\/05\/leitariegos3.jpg' title=\"\" data-rl_title=\"\" class=\"rl-gallery-link\" data-rl_caption=\"\" data-rel=\"lightbox-gallery-4\"><img width=\"150\" height=\"150\" src=\"https:\/\/lasfontaninas.es\/hotelruralbierzo\/wp-content\/uploads\/2015\/05\/leitariegos3-150x150.jpg\" class=\"attachment-thumbnail size-thumbnail\" alt=\"\" decoding=\"async\" loading=\"lazy\" aria-describedby=\"gallery-4-414\" \/><\/a>\n\t\t\t<\/dt>\n\t\t\t\t<dd class='wp-caption-text gallery-caption' id='gallery-4-414'>\n\t\t\t\tEsquiar\n\t\t\t\t<\/dd><\/dl><br style=\"clear: both\" \/>\n\t\t<\/div>\n<\/td>\n<\/tr>\n<\/tbody>\n<\/table>\n<table style=\"border-color: #ffffff;\" border=\"0\" cellpadding=\"0\">\n<tbody>\n<tr>\n<td><span style=\"text-decoration: underline; color: #333399;\"><strong>PLAYAS FLUVIALES<\/strong><\/span><\/td>\n<\/tr>\n<tr>\n<td><span style=\"color: #000000;\">\u00a0El r\u00edo sigue teniendo otro tipo de atractivo, con un paisaje inigualable. Se habilitan zonas de playas en r\u00edos una nueva forma de turismo.\u00a0Muchos de ellos se completan con servicios complementarios as\u00ed como zonas de esparcimiento deportivo y recreativo.<\/span>\n\t\t<style type=\"text\/css\">\n\t\t\t#gallery-5 {\n\t\t\t\tmargin: auto;\n\t\t\t}\n\t\t\t#gallery-5 .gallery-item {\n\t\t\t\tfloat: left;\n\t\t\t\tmargin-top: 10px;\n\t\t\t\ttext-align: center;\n\t\t\t\twidth: 33%;\n\t\t\t}\n\t\t\t#gallery-5 img {\n\t\t\t\tborder: 2px solid #cfcfcf;\n\t\t\t}\n\t\t\t#gallery-5 .gallery-caption {\n\t\t\t\tmargin-left: 0;\n\t\t\t}\n\t\t\t\/* see gallery_shortcode() in wp-includes\/media.php *\/\n\t\t<\/style>\n\t\t<div id='gallery-5' class='gallery galleryid-349 gallery-columns-3 gallery-size-thumbnail'><dl class='gallery-item'>\n\t\t\t<dt class='gallery-icon landscape'>\n\t\t\t\t<a href='https:\/\/lasfontaninas.es\/hotelruralbierzo\/wp-content\/uploads\/2015\/05\/playa-albares.jpg' title=\"\" data-rl_title=\"\" class=\"rl-gallery-link\" data-rl_caption=\"\" data-rel=\"lightbox-gallery-5\"><img width=\"150\" height=\"150\" src=\"https:\/\/lasfontaninas.es\/hotelruralbierzo\/wp-content\/uploads\/2015\/05\/playa-albares-150x150.jpg\" class=\"attachment-thumbnail size-thumbnail\" alt=\"\" decoding=\"async\" loading=\"lazy\" aria-describedby=\"gallery-5-423\" \/><\/a>\n\t\t\t<\/dt>\n\t\t\t\t<dd class='wp-caption-text gallery-caption' id='gallery-5-423'>\n\t\t\t\tPlaya fluvial\n\t\t\t\t<\/dd><\/dl><dl class='gallery-item'>\n\t\t\t<dt class='gallery-icon landscape'>\n\t\t\t\t<a href='https:\/\/lasfontaninas.es\/hotelruralbierzo\/wp-content\/uploads\/2015\/05\/Folgoso_de_la_Ribera_Leon4.jpg' title=\"\" data-rl_title=\"\" class=\"rl-gallery-link\" data-rl_caption=\"\" data-rel=\"lightbox-gallery-5\"><img width=\"150\" height=\"150\" src=\"https:\/\/lasfontaninas.es\/hotelruralbierzo\/wp-content\/uploads\/2015\/05\/Folgoso_de_la_Ribera_Leon4-150x150.jpg\" class=\"attachment-thumbnail size-thumbnail\" alt=\"\" decoding=\"async\" loading=\"lazy\" aria-describedby=\"gallery-5-417\" \/><\/a>\n\t\t\t<\/dt>\n\t\t\t\t<dd class='wp-caption-text gallery-caption' id='gallery-5-417'>\n\t\t\t\tPlaya fluvial\n\t\t\t\t<\/dd><\/dl>\n\t\t\t<br style='clear: both' \/>\n\t\t<\/div>\n<\/td>\n<\/tr>\n<\/tbody>\n<\/table>\n<table style=\"border-color: #ffffff;\" border=\"0\" cellpadding=\"0\">\n<tbody>\n<tr>\n<td><span style=\"text-decoration: underline; color: #ff6600;\"><strong>VISITAS CULTURALES<\/strong><\/span><\/td>\n<\/tr>\n<tr>\n<td>\n<ul>\n<li><span style=\"color: #000000;\">\u00a0<strong><span style=\"text-decoration: underline;\">PONFERRADA<\/span>:<\/strong> Capital de la comarca de El Bierzo. A destacar el <em>Castillo Templario, Bas\u00edlica de la Encina,\u00a0<\/em>la <em>Calle del Reloj<\/em>, <em>Museo de la energ\u00eda, Museo de la Radio, Museo del ferrocarril.<\/em><\/span><\/li>\n<li><span style=\"color: #000000;\"><strong><span style=\"text-decoration: underline;\">LAS M\u00c9DULAS<\/span>:<\/strong> \u00a0Entorno paisaj\u00edstico formado por\u00a0antiguas minas de oro romanas , declaradas patrimonio de la humanidad\u00a0por la Unesco.\u00a0Est\u00e1 considerada la mayor mina de oro a cielo abierto de todo el imperio romano.<\/span><\/li>\n<li><span style=\"color: #000000;\"><span style=\"text-decoration: underline;\"><strong>EL VALLE DEL SILENCIO:<\/strong><\/span> <em>\u00ab<\/em>Cierto d\u00eda San Genadio estaba meditando en su cueva, pero el murmullo del r\u00edo no le permit\u00eda concentrase, as\u00ed que, golpeando con su cayado, dijo: \u00abc\u00e1llate\u00bb y el r\u00edo dej\u00f3 de hacer ruido.\u00bb Como su nombre indica un valle impresionante, que termina en <strong><span style=\"text-decoration: underline;\">PE\u00d1ALBA DE SANTIGO<\/span><\/strong>\u00a0 donde poder visitar la cueva de San Genadio y su\u00a0arquitectura moz\u00e1rabe del siglo X.<\/span><\/li>\n<li><span style=\"color: #000000;\"><strong><span style=\"text-decoration: underline;\">LA HERRERIA DE COMPLUDO<\/span>:<\/strong> Monumento nacional desde 1968 y excelentemente restaurada. Es una fragua con un funcionamiento similar a la actividad sider\u00fargica de la edad media. Es impresionante verla en funcionamiento.<\/span><\/li>\n<li><span style=\"color: #000000;\"><strong><span style=\"text-decoration: underline;\">LOS ANCARES<\/span>:<\/strong> Declarados Reserva de la Biosfera por la UNESCO.\u00a0 Para los amantes del senderismo es un destino muy recomendable, ya que sus bosques y valles cuentan con numerosos caminos. Son rutas que se adentran por zonas de alta monta\u00f1a, sin embargo muchas de ellas tienen un nivel de dificultad medio o bajo, de tal forma que se puede contar con ni\u00f1os y mayores a la hora de planear excursiones. Pueblos a visitar <strong>PRIARANZA Y CANDIN<\/strong><span style=\"text-decoration: underline;\">.<\/span><\/span><\/li>\n<li><span style=\"color: #000000;\"><strong><span style=\"text-decoration: underline;\">COLINAS DEL CAMPO DE MART\u00cdN MORO TOLEDANO<\/span>:<\/strong> Es el pueblo con el nombre m\u00e1s largo de Espa\u00f1a. Desde aqui comienza la ruta para acceder al Catoute(2117m),<\/span><\/li>\n<li><span style=\"color: #000000;\"><strong><span style=\"text-decoration: underline;\">VILLAFRANCA<\/span>:<\/strong> Antigua capital Berciana. Ciudad monumental y cultural.<\/span><\/li>\n<li><span style=\"color: #000000;\"><strong><span style=\"text-decoration: underline;\">BALBOA:<\/span><\/strong> Podr\u00e1s ver antiguas Pallozas restauradas y el museo\u00a0<em>La Casa de las Gentes.<\/em><\/span><\/li>\n<li><span style=\"color: #000000;\"><strong><span style=\"text-decoration: underline;\">BUSMAYOR<\/span>:<\/strong> Es uno de los conjuntos boscosos de hayas mejor conservados y m\u00e1s interesantes de la pen\u00ednsula. Existen distintas rutas\u00a0que atraviesan parte del hayedo.<\/span><\/li>\n<\/ul>\n<\/td>\n<\/tr>\n<\/tbody>\n<\/table>\n","protected":false},"excerpt":{"rendered":"<p>RUTA DE LAS FUENTES MEDICINALES La ruta de las fuentes medicinales es el mayor reclamo tur\u00edstico de noceda, consiste en una ruta de senderismo de dificultad media de una distancia total de 10km y el tiempo de duraci\u00f3n es de 3h. Se puede hacer en cualquier \u00e9poca del a\u00f1o. En la ruta encontraras a parte [&hellip;]<\/p>\n","protected":false},"author":2,"featured_media":0,"parent":0,"menu_order":0,"comment_status":"closed","ping_status":"closed","template":"","meta":[],"_links":{"self":[{"href":"https:\/\/lasfontaninas.es\/hotelruralbierzo\/wp-json\/wp\/v2\/pages\/349"}],"collection":[{"href":"https:\/\/lasfontaninas.es\/hotelruralbierzo\/wp-json\/wp\/v2\/pages"}],"about":[{"href":"https:\/\/lasfontaninas.es\/hotelruralbierzo\/wp-json\/wp\/v2\/types\/page"}],"author":[{"embeddable":true,"href":"https:\/\/lasfontaninas.es\/hotelruralbierzo\/wp-json\/wp\/v2\/users\/2"}],"replies":[{"embeddable":true,"href":"https:\/\/lasfontaninas.es\/hotelruralbierzo\/wp-json\/wp\/v2\/comments?post=349"}],"version-history":[{"count":8,"href":"https:\/\/lasfontaninas.es\/hotelruralbierzo\/wp-json\/wp\/v2\/pages\/349\/revisions"}],"predecessor-version":[{"id":858,"href":"https:\/\/lasfontaninas.es\/hotelruralbierzo\/wp-json\/wp\/v2\/pages\/349\/revisions\/858"}],"wp:attachment":[{"href":"https:\/\/lasfontaninas.es\/hotelruralbierzo\/wp-json\/wp\/v2\/media?parent=349"}],"curies":[{"name":"wp","href":"https:\/\/api.w.org\/{rel}","templated":true}]}}