
{"id":746,"date":"2016-02-03T16:39:36","date_gmt":"2016-02-03T16:39:36","guid":{"rendered":"http:\/\/lasfontaninas.es\/hotelruralbierzo\/?page_id=746"},"modified":"2026-02-25T07:59:16","modified_gmt":"2026-02-25T07:59:16","slug":"hotel-rural-en-el-bierzo","status":"publish","type":"page","link":"https:\/\/lasfontaninas.es\/hotelruralbierzo\/hotel-rural-en-el-bierzo\/","title":{"rendered":"HOTEL RURAL EN EL BIERZO"},"content":{"rendered":"\n<figure class=\"wp-block-table\"><table><tbody><tr><td><span style=\"color: #000000;\">Somos un Hotel Rural en El Bierzo, en funcionamiento desde el a\u00f1o 2007 que mantiene la tipolog\u00eda de la zona como en su corredor y fachada. Su interior esta dotado de las mejores calidades y nos hemos preocupado en el m\u00ednimo detalle para que pases una estancia lo m\u00e1s c\u00e1lida y agradable posible, siendo el trato muy cercano a nuestros clientes.<\/span><\/td><\/tr><tr><td><strong><img decoding=\"async\" loading=\"lazy\" class=\"alignnone wp-image-444 size-full\" src=\"http:\/\/lasfontaninas.es\/hotelruralbierzo\/wp-content\/uploads\/2015\/05\/21-IMG_6216.jpg\" alt=\"Hotel Rural en el Bierzo\" width=\"1134\" height=\"472\" srcset=\"https:\/\/lasfontaninas.es\/hotelruralbierzo\/wp-content\/uploads\/2015\/05\/21-IMG_6216.jpg 1134w, https:\/\/lasfontaninas.es\/hotelruralbierzo\/wp-content\/uploads\/2015\/05\/21-IMG_6216-300x125.jpg 300w, https:\/\/lasfontaninas.es\/hotelruralbierzo\/wp-content\/uploads\/2015\/05\/21-IMG_6216-1024x426.jpg 1024w\" sizes=\"(max-width: 1134px) 100vw, 1134px\" \/><\/strong>\n<p>&nbsp;<\/p>\n<p><span style=\"color: #000000;\">El hotel consta de nueve habitaciones muy amplias, con decoraci\u00f3n diferente de dise\u00f1o r\u00fastico conjugado con toques de modernidad.<span style=\"color: #000000;\"><br>Podr\u00e1s elegir entre ducha lluvia, columna hidromasaje, ba\u00f1era hidromasaje e hidromasaje para dos personas.<br><span style=\"color: #000000;\"><span style=\"color: #000000;\">La calefacci\u00f3n es de suelo radiante regulable en cada habitaci\u00f3n. Disponemos de camas supletorias.<\/span><\/span><\/span><\/span><\/p>\n<\/td><\/tr><tr><td>\n<p><\/p><\/td><\/tr><\/tbody><\/table><\/figure>\n\n\n\n<figure class=\"is-layout-flex wp-block-gallery-1 wp-block-gallery has-nested-images columns-9 is-cropped\">\n<figure class=\"wp-block-image size-large\"><img decoding=\"async\" loading=\"lazy\" width=\"850\" height=\"567\" data-id=\"272\"  src=\"https:\/\/lasfontaninas.es\/hotelruralbierzo\/wp-content\/uploads\/2015\/05\/01-IMG_4123.jpg\" alt=\"\" class=\"wp-image-272\" srcset=\"https:\/\/lasfontaninas.es\/hotelruralbierzo\/wp-content\/uploads\/2015\/05\/01-IMG_4123.jpg 850w, https:\/\/lasfontaninas.es\/hotelruralbierzo\/wp-content\/uploads\/2015\/05\/01-IMG_4123-300x200.jpg 300w\" sizes=\"(max-width: 850px) 100vw, 850px\" \/><figcaption class=\"wp-element-caption\">Habitaci\u00f3n<\/figcaption><\/figure>\n\n\n\n<figure class=\"wp-block-image size-large\"><img decoding=\"async\" loading=\"lazy\" width=\"567\" height=\"850\" data-id=\"273\"  src=\"https:\/\/lasfontaninas.es\/hotelruralbierzo\/wp-content\/uploads\/2015\/05\/26-IMG_4149.jpg\" alt=\"\" class=\"wp-image-273\" srcset=\"https:\/\/lasfontaninas.es\/hotelruralbierzo\/wp-content\/uploads\/2015\/05\/26-IMG_4149.jpg 567w, https:\/\/lasfontaninas.es\/hotelruralbierzo\/wp-content\/uploads\/2015\/05\/26-IMG_4149-200x300.jpg 200w\" sizes=\"(max-width: 567px) 100vw, 567px\" \/><figcaption class=\"wp-element-caption\">Ba\u00f1o<\/figcaption><\/figure>\n\n\n\n<figure class=\"wp-block-image size-large\"><img decoding=\"async\" loading=\"lazy\" width=\"850\" height=\"567\" data-id=\"276\"  src=\"https:\/\/lasfontaninas.es\/hotelruralbierzo\/wp-content\/uploads\/2015\/05\/38-IMG_4161.jpg\" alt=\"\" class=\"wp-image-276\" srcset=\"https:\/\/lasfontaninas.es\/hotelruralbierzo\/wp-content\/uploads\/2015\/05\/38-IMG_4161.jpg 850w, https:\/\/lasfontaninas.es\/hotelruralbierzo\/wp-content\/uploads\/2015\/05\/38-IMG_4161-300x200.jpg 300w\" sizes=\"(max-width: 850px) 100vw, 850px\" \/><figcaption class=\"wp-element-caption\">Habitaci\u00f3n<\/figcaption><\/figure>\n\n\n\n<figure class=\"wp-block-image size-large\"><img decoding=\"async\" loading=\"lazy\" width=\"683\" height=\"1024\" data-id=\"700\"  src=\"https:\/\/lasfontaninas.es\/hotelruralbierzo\/wp-content\/uploads\/2015\/05\/48-IMG_4171-683x1024.jpg\" alt=\"\" class=\"wp-image-700\" srcset=\"https:\/\/lasfontaninas.es\/hotelruralbierzo\/wp-content\/uploads\/2015\/05\/48-IMG_4171-683x1024.jpg 683w, https:\/\/lasfontaninas.es\/hotelruralbierzo\/wp-content\/uploads\/2015\/05\/48-IMG_4171-200x300.jpg 200w, https:\/\/lasfontaninas.es\/hotelruralbierzo\/wp-content\/uploads\/2015\/05\/48-IMG_4171.jpg 1984w\" sizes=\"(max-width: 683px) 100vw, 683px\" \/><figcaption class=\"wp-element-caption\">Habitaci\u00f3n<\/figcaption><\/figure>\n\n\n\n<figure class=\"wp-block-image size-large\"><img decoding=\"async\" loading=\"lazy\" width=\"682\" height=\"1024\" data-id=\"274\"  src=\"https:\/\/lasfontaninas.es\/hotelruralbierzo\/wp-content\/uploads\/2015\/05\/28-IMG_4072-682x1024.jpg\" alt=\"\" class=\"wp-image-274\" srcset=\"https:\/\/lasfontaninas.es\/hotelruralbierzo\/wp-content\/uploads\/2015\/05\/28-IMG_4072-682x1024.jpg 682w, https:\/\/lasfontaninas.es\/hotelruralbierzo\/wp-content\/uploads\/2015\/05\/28-IMG_4072-200x300.jpg 200w, https:\/\/lasfontaninas.es\/hotelruralbierzo\/wp-content\/uploads\/2015\/05\/28-IMG_4072.jpg 850w\" sizes=\"(max-width: 682px) 100vw, 682px\" \/><figcaption class=\"wp-element-caption\">Ba\u00f1o<\/figcaption><\/figure>\n\n\n\n<figure class=\"wp-block-image size-large\"><img decoding=\"async\" loading=\"lazy\" width=\"850\" height=\"567\" data-id=\"277\"  src=\"https:\/\/lasfontaninas.es\/hotelruralbierzo\/wp-content\/uploads\/2015\/05\/42-IMG_4086.jpg\" alt=\"\" class=\"wp-image-277\" srcset=\"https:\/\/lasfontaninas.es\/hotelruralbierzo\/wp-content\/uploads\/2015\/05\/42-IMG_4086.jpg 850w, https:\/\/lasfontaninas.es\/hotelruralbierzo\/wp-content\/uploads\/2015\/05\/42-IMG_4086-300x200.jpg 300w\" sizes=\"(max-width: 850px) 100vw, 850px\" \/><figcaption class=\"wp-element-caption\">Habitaci\u00f3n<\/figcaption><\/figure>\n\n\n\n<figure class=\"wp-block-image size-large\"><img decoding=\"async\" loading=\"lazy\" width=\"850\" height=\"567\" data-id=\"275\"  src=\"https:\/\/lasfontaninas.es\/hotelruralbierzo\/wp-content\/uploads\/2015\/05\/31-IMG_4075.jpg\" alt=\"\" class=\"wp-image-275\" srcset=\"https:\/\/lasfontaninas.es\/hotelruralbierzo\/wp-content\/uploads\/2015\/05\/31-IMG_4075.jpg 850w, https:\/\/lasfontaninas.es\/hotelruralbierzo\/wp-content\/uploads\/2015\/05\/31-IMG_4075-300x200.jpg 300w\" sizes=\"(max-width: 850px) 100vw, 850px\" \/><figcaption class=\"wp-element-caption\">Ba\u00f1o<\/figcaption><\/figure>\n\n\n\n<figure class=\"wp-block-image size-large\"><img decoding=\"async\" loading=\"lazy\" width=\"1024\" height=\"595\" data-id=\"699\"  src=\"https:\/\/lasfontaninas.es\/hotelruralbierzo\/wp-content\/uploads\/2015\/05\/21-IMG_4144-1024x595.jpg\" alt=\"\" class=\"wp-image-699\" srcset=\"https:\/\/lasfontaninas.es\/hotelruralbierzo\/wp-content\/uploads\/2015\/05\/21-IMG_4144-1024x595.jpg 1024w, https:\/\/lasfontaninas.es\/hotelruralbierzo\/wp-content\/uploads\/2015\/05\/21-IMG_4144-300x174.jpg 300w, https:\/\/lasfontaninas.es\/hotelruralbierzo\/wp-content\/uploads\/2015\/05\/21-IMG_4144.jpg 1417w\" sizes=\"(max-width: 1024px) 100vw, 1024px\" \/><figcaption class=\"wp-element-caption\">Habitaci\u00f3n<\/figcaption><\/figure>\n\n\n\n<figure class=\"wp-block-image size-large\"><img decoding=\"async\" loading=\"lazy\" width=\"567\" height=\"850\" data-id=\"278\"  src=\"https:\/\/lasfontaninas.es\/hotelruralbierzo\/wp-content\/uploads\/2015\/05\/46-IMG_4169.jpg\" alt=\"\" class=\"wp-image-278\" srcset=\"https:\/\/lasfontaninas.es\/hotelruralbierzo\/wp-content\/uploads\/2015\/05\/46-IMG_4169.jpg 567w, https:\/\/lasfontaninas.es\/hotelruralbierzo\/wp-content\/uploads\/2015\/05\/46-IMG_4169-200x300.jpg 200w\" sizes=\"(max-width: 567px) 100vw, 567px\" \/><figcaption class=\"wp-element-caption\">Ba\u00f1o<\/figcaption><\/figure>\n\n\n\n<figure class=\"wp-block-image size-large\"><img decoding=\"async\" loading=\"lazy\" width=\"850\" height=\"567\" data-id=\"280\"  src=\"https:\/\/lasfontaninas.es\/hotelruralbierzo\/wp-content\/uploads\/2015\/05\/62-IMG_4185.jpg\" alt=\"\" class=\"wp-image-280\" srcset=\"https:\/\/lasfontaninas.es\/hotelruralbierzo\/wp-content\/uploads\/2015\/05\/62-IMG_4185.jpg 850w, https:\/\/lasfontaninas.es\/hotelruralbierzo\/wp-content\/uploads\/2015\/05\/62-IMG_4185-300x200.jpg 300w\" sizes=\"(max-width: 850px) 100vw, 850px\" \/><figcaption class=\"wp-element-caption\">Habitaci\u00f3n<\/figcaption><\/figure>\n\n\n\n<figure class=\"wp-block-image size-large\"><img decoding=\"async\" loading=\"lazy\" width=\"850\" height=\"567\" data-id=\"281\"  src=\"https:\/\/lasfontaninas.es\/hotelruralbierzo\/wp-content\/uploads\/2015\/05\/65-IMG_4188.jpg\" alt=\"\" class=\"wp-image-281\" srcset=\"https:\/\/lasfontaninas.es\/hotelruralbierzo\/wp-content\/uploads\/2015\/05\/65-IMG_4188.jpg 850w, https:\/\/lasfontaninas.es\/hotelruralbierzo\/wp-content\/uploads\/2015\/05\/65-IMG_4188-300x200.jpg 300w\" sizes=\"(max-width: 850px) 100vw, 850px\" \/><figcaption class=\"wp-element-caption\">Habitaci\u00f3n<\/figcaption><\/figure>\n\n\n\n<figure class=\"wp-block-image size-large\"><img decoding=\"async\" loading=\"lazy\" width=\"850\" height=\"567\" data-id=\"279\"  src=\"https:\/\/lasfontaninas.es\/hotelruralbierzo\/wp-content\/uploads\/2015\/05\/53-IMG_4176.jpg\" alt=\"\" class=\"wp-image-279\" srcset=\"https:\/\/lasfontaninas.es\/hotelruralbierzo\/wp-content\/uploads\/2015\/05\/53-IMG_4176.jpg 850w, https:\/\/lasfontaninas.es\/hotelruralbierzo\/wp-content\/uploads\/2015\/05\/53-IMG_4176-300x200.jpg 300w\" sizes=\"(max-width: 850px) 100vw, 850px\" \/><figcaption class=\"wp-element-caption\">Ba\u00f1o<\/figcaption><\/figure>\n\n\n\n<figure class=\"wp-block-image size-large\"><img decoding=\"async\" loading=\"lazy\" width=\"567\" height=\"850\" data-id=\"282\"  src=\"https:\/\/lasfontaninas.es\/hotelruralbierzo\/wp-content\/uploads\/2015\/05\/68-IMG_4191.jpg\" alt=\"\" class=\"wp-image-282\" srcset=\"https:\/\/lasfontaninas.es\/hotelruralbierzo\/wp-content\/uploads\/2015\/05\/68-IMG_4191.jpg 567w, https:\/\/lasfontaninas.es\/hotelruralbierzo\/wp-content\/uploads\/2015\/05\/68-IMG_4191-200x300.jpg 200w\" sizes=\"(max-width: 567px) 100vw, 567px\" \/><figcaption class=\"wp-element-caption\">Habitaci\u00f3n<\/figcaption><\/figure>\n\n\n\n<figure class=\"wp-block-image size-large\"><img decoding=\"async\" loading=\"lazy\" width=\"1024\" height=\"683\" data-id=\"697\"  src=\"https:\/\/lasfontaninas.es\/hotelruralbierzo\/wp-content\/uploads\/2015\/05\/70-IMG_4193-1024x683.jpg\" alt=\"\" class=\"wp-image-697\" srcset=\"https:\/\/lasfontaninas.es\/hotelruralbierzo\/wp-content\/uploads\/2015\/05\/70-IMG_4193-1024x683.jpg 1024w, https:\/\/lasfontaninas.es\/hotelruralbierzo\/wp-content\/uploads\/2015\/05\/70-IMG_4193-300x200.jpg 300w, https:\/\/lasfontaninas.es\/hotelruralbierzo\/wp-content\/uploads\/2015\/05\/70-IMG_4193.jpg 1417w\" sizes=\"(max-width: 1024px) 100vw, 1024px\" \/><figcaption class=\"wp-element-caption\">Habitaci\u00f3n<\/figcaption><\/figure>\n\n\n\n<figure class=\"wp-block-image size-large\"><img decoding=\"async\" loading=\"lazy\" width=\"850\" height=\"567\" data-id=\"270\"  src=\"https:\/\/lasfontaninas.es\/hotelruralbierzo\/wp-content\/uploads\/2015\/05\/58-IMG_4102.jpg\" alt=\"\" class=\"wp-image-270\" srcset=\"https:\/\/lasfontaninas.es\/hotelruralbierzo\/wp-content\/uploads\/2015\/05\/58-IMG_4102.jpg 850w, https:\/\/lasfontaninas.es\/hotelruralbierzo\/wp-content\/uploads\/2015\/05\/58-IMG_4102-300x200.jpg 300w\" sizes=\"(max-width: 850px) 100vw, 850px\" \/><figcaption class=\"wp-element-caption\">Habitaci\u00f3n<\/figcaption><\/figure>\n\n\n\n<figure class=\"wp-block-image size-large\"><img decoding=\"async\" loading=\"lazy\" width=\"850\" height=\"567\" data-id=\"376\"  src=\"https:\/\/lasfontaninas.es\/hotelruralbierzo\/wp-content\/uploads\/2015\/05\/09-IMG_4053.jpg\" alt=\"\" class=\"wp-image-376\" srcset=\"https:\/\/lasfontaninas.es\/hotelruralbierzo\/wp-content\/uploads\/2015\/05\/09-IMG_4053.jpg 850w, https:\/\/lasfontaninas.es\/hotelruralbierzo\/wp-content\/uploads\/2015\/05\/09-IMG_4053-300x200.jpg 300w\" sizes=\"(max-width: 850px) 100vw, 850px\" \/><figcaption class=\"wp-element-caption\">Suit<\/figcaption><\/figure>\n\n\n\n<figure class=\"wp-block-image size-large\"><img decoding=\"async\" loading=\"lazy\" width=\"850\" height=\"567\" data-id=\"377\"  src=\"https:\/\/lasfontaninas.es\/hotelruralbierzo\/wp-content\/uploads\/2015\/05\/14-IMG_4058.jpg\" alt=\"\" class=\"wp-image-377\" srcset=\"https:\/\/lasfontaninas.es\/hotelruralbierzo\/wp-content\/uploads\/2015\/05\/14-IMG_4058.jpg 850w, https:\/\/lasfontaninas.es\/hotelruralbierzo\/wp-content\/uploads\/2015\/05\/14-IMG_4058-300x200.jpg 300w\" sizes=\"(max-width: 850px) 100vw, 850px\" \/><figcaption class=\"wp-element-caption\">Suit<\/figcaption><\/figure>\n\n\n\n<figure class=\"wp-block-image size-large\"><img decoding=\"async\" loading=\"lazy\" width=\"567\" height=\"850\" data-id=\"378\"  src=\"https:\/\/lasfontaninas.es\/hotelruralbierzo\/wp-content\/uploads\/2015\/05\/16-IMG_4060.jpg\" alt=\"\" class=\"wp-image-378\" srcset=\"https:\/\/lasfontaninas.es\/hotelruralbierzo\/wp-content\/uploads\/2015\/05\/16-IMG_4060.jpg 567w, https:\/\/lasfontaninas.es\/hotelruralbierzo\/wp-content\/uploads\/2015\/05\/16-IMG_4060-200x300.jpg 200w\" sizes=\"(max-width: 567px) 100vw, 567px\" \/><figcaption class=\"wp-element-caption\">Suit<\/figcaption><\/figure>\n\n\n\n<figure class=\"wp-block-image size-large\"><img decoding=\"async\" loading=\"lazy\" width=\"1000\" height=\"667\" data-id=\"761\"  src=\"https:\/\/lasfontaninas.es\/hotelruralbierzo\/wp-content\/uploads\/2015\/05\/03-IMG_4047_modificada.jpg\" alt=\"\" class=\"wp-image-761\" srcset=\"https:\/\/lasfontaninas.es\/hotelruralbierzo\/wp-content\/uploads\/2015\/05\/03-IMG_4047_modificada.jpg 1000w, https:\/\/lasfontaninas.es\/hotelruralbierzo\/wp-content\/uploads\/2015\/05\/03-IMG_4047_modificada-300x200.jpg 300w, https:\/\/lasfontaninas.es\/hotelruralbierzo\/wp-content\/uploads\/2015\/05\/03-IMG_4047_modificada-624x416.jpg 624w\" sizes=\"(max-width: 1000px) 100vw, 1000px\" \/><figcaption class=\"wp-element-caption\">Suit<\/figcaption><\/figure>\n\n\n\n<figure class=\"wp-block-image size-large\"><img decoding=\"async\" loading=\"lazy\" width=\"425\" height=\"291\" data-id=\"704\"  src=\"https:\/\/lasfontaninas.es\/hotelruralbierzo\/wp-content\/uploads\/2015\/05\/salonSocial.jpg\" alt=\"\" class=\"wp-image-704\" srcset=\"https:\/\/lasfontaninas.es\/hotelruralbierzo\/wp-content\/uploads\/2015\/05\/salonSocial.jpg 425w, https:\/\/lasfontaninas.es\/hotelruralbierzo\/wp-content\/uploads\/2015\/05\/salonSocial-300x205.jpg 300w\" sizes=\"(max-width: 425px) 100vw, 425px\" \/><figcaption class=\"wp-element-caption\">Sal\u00f3n<\/figcaption><\/figure>\n\n\n\n<figure class=\"wp-block-image size-large\"><img decoding=\"async\" loading=\"lazy\" width=\"1024\" height=\"683\" data-id=\"695\"  src=\"https:\/\/lasfontaninas.es\/hotelruralbierzo\/wp-content\/uploads\/2015\/05\/IMG_8915-1024x683.jpg\" alt=\"\" class=\"wp-image-695\" srcset=\"https:\/\/lasfontaninas.es\/hotelruralbierzo\/wp-content\/uploads\/2015\/05\/IMG_8915-1024x683.jpg 1024w, https:\/\/lasfontaninas.es\/hotelruralbierzo\/wp-content\/uploads\/2015\/05\/IMG_8915-300x200.jpg 300w, https:\/\/lasfontaninas.es\/hotelruralbierzo\/wp-content\/uploads\/2015\/05\/IMG_8915.jpg 1417w\" sizes=\"(max-width: 1024px) 100vw, 1024px\" \/><figcaption class=\"wp-element-caption\">Restaurante<\/figcaption><\/figure>\n\n\n\n<figure class=\"wp-block-image size-large\"><img decoding=\"async\" loading=\"lazy\" width=\"425\" height=\"290\" data-id=\"702\"  src=\"https:\/\/lasfontaninas.es\/hotelruralbierzo\/wp-content\/uploads\/2015\/05\/escaleras.jpg\" alt=\"\" class=\"wp-image-702\" srcset=\"https:\/\/lasfontaninas.es\/hotelruralbierzo\/wp-content\/uploads\/2015\/05\/escaleras.jpg 425w, https:\/\/lasfontaninas.es\/hotelruralbierzo\/wp-content\/uploads\/2015\/05\/escaleras-300x205.jpg 300w\" sizes=\"(max-width: 425px) 100vw, 425px\" \/><figcaption class=\"wp-element-caption\">Escaleras<\/figcaption><\/figure>\n\n\n\n<figure class=\"wp-block-image size-large\"><img decoding=\"async\" loading=\"lazy\" width=\"1024\" height=\"414\" data-id=\"452\"  src=\"https:\/\/lasfontaninas.es\/hotelruralbierzo\/wp-content\/uploads\/2015\/05\/23-IMG_6226-1024x414.jpg\" alt=\"\" class=\"wp-image-452\" srcset=\"https:\/\/lasfontaninas.es\/hotelruralbierzo\/wp-content\/uploads\/2015\/05\/23-IMG_6226-1024x414.jpg 1024w, https:\/\/lasfontaninas.es\/hotelruralbierzo\/wp-content\/uploads\/2015\/05\/23-IMG_6226-300x121.jpg 300w, https:\/\/lasfontaninas.es\/hotelruralbierzo\/wp-content\/uploads\/2015\/05\/23-IMG_6226.jpg 1134w\" sizes=\"(max-width: 1024px) 100vw, 1024px\" \/><figcaption class=\"wp-element-caption\">Exterior<\/figcaption><\/figure>\n\n\n\n<figure class=\"wp-block-image size-large\"><img decoding=\"async\" loading=\"lazy\" width=\"567\" height=\"850\" data-id=\"453\"  src=\"https:\/\/lasfontaninas.es\/hotelruralbierzo\/wp-content\/uploads\/2015\/05\/26-IMG_4384.jpg\" alt=\"\" class=\"wp-image-453\" srcset=\"https:\/\/lasfontaninas.es\/hotelruralbierzo\/wp-content\/uploads\/2015\/05\/26-IMG_4384.jpg 567w, https:\/\/lasfontaninas.es\/hotelruralbierzo\/wp-content\/uploads\/2015\/05\/26-IMG_4384-200x300.jpg 200w\" sizes=\"(max-width: 567px) 100vw, 567px\" \/><figcaption class=\"wp-element-caption\">Exterior<\/figcaption><\/figure>\n\n\n\n<figure class=\"wp-block-image size-large\"><img decoding=\"async\" loading=\"lazy\" width=\"1024\" height=\"389\" data-id=\"454\"  src=\"https:\/\/lasfontaninas.es\/hotelruralbierzo\/wp-content\/uploads\/2015\/05\/27-IMG_4765-1024x389.jpg\" alt=\"\" class=\"wp-image-454\" srcset=\"https:\/\/lasfontaninas.es\/hotelruralbierzo\/wp-content\/uploads\/2015\/05\/27-IMG_4765-1024x389.jpg 1024w, https:\/\/lasfontaninas.es\/hotelruralbierzo\/wp-content\/uploads\/2015\/05\/27-IMG_4765-300x114.jpg 300w, https:\/\/lasfontaninas.es\/hotelruralbierzo\/wp-content\/uploads\/2015\/05\/27-IMG_4765.jpg 1134w\" sizes=\"(max-width: 1024px) 100vw, 1024px\" \/><figcaption class=\"wp-element-caption\">Exterior<\/figcaption><\/figure>\n\n\n\n<figure class=\"wp-block-image size-large\"><img decoding=\"async\" loading=\"lazy\" width=\"850\" height=\"567\" data-id=\"456\"  src=\"https:\/\/lasfontaninas.es\/hotelruralbierzo\/wp-content\/uploads\/2015\/05\/84-IMG_4207.jpg\" alt=\"\" class=\"wp-image-456\" srcset=\"https:\/\/lasfontaninas.es\/hotelruralbierzo\/wp-content\/uploads\/2015\/05\/84-IMG_4207.jpg 850w, https:\/\/lasfontaninas.es\/hotelruralbierzo\/wp-content\/uploads\/2015\/05\/84-IMG_4207-300x200.jpg 300w\" sizes=\"(max-width: 850px) 100vw, 850px\" \/><figcaption class=\"wp-element-caption\">Exterior<\/figcaption><\/figure>\n\n\n\n<figure class=\"wp-block-image size-large\"><img decoding=\"async\" loading=\"lazy\" width=\"1024\" height=\"519\" data-id=\"648\"  src=\"https:\/\/lasfontaninas.es\/hotelruralbierzo\/wp-content\/uploads\/2015\/06\/29-DSCN9915-1024x519.jpg\" alt=\"\" class=\"wp-image-648\" srcset=\"https:\/\/lasfontaninas.es\/hotelruralbierzo\/wp-content\/uploads\/2015\/06\/29-DSCN9915-1024x519.jpg 1024w, https:\/\/lasfontaninas.es\/hotelruralbierzo\/wp-content\/uploads\/2015\/06\/29-DSCN9915-300x152.jpg 300w\" sizes=\"(max-width: 1024px) 100vw, 1024px\" \/><figcaption class=\"wp-element-caption\">Exterior<\/figcaption><\/figure>\n\n\n\n<figure class=\"wp-block-image size-large\"><img decoding=\"async\" loading=\"lazy\" width=\"1024\" height=\"843\" data-id=\"646\"  src=\"https:\/\/lasfontaninas.es\/hotelruralbierzo\/wp-content\/uploads\/2015\/06\/06-DSCN9891-1024x843.jpg\" alt=\"\" class=\"wp-image-646\" srcset=\"https:\/\/lasfontaninas.es\/hotelruralbierzo\/wp-content\/uploads\/2015\/06\/06-DSCN9891-1024x843.jpg 1024w, https:\/\/lasfontaninas.es\/hotelruralbierzo\/wp-content\/uploads\/2015\/06\/06-DSCN9891-300x247.jpg 300w\" sizes=\"(max-width: 1024px) 100vw, 1024px\" \/><figcaption class=\"wp-element-caption\">Exterior<\/figcaption><\/figure>\n\n\n\n<figure class=\"wp-block-image size-large\"><img decoding=\"async\" loading=\"lazy\" width=\"1024\" height=\"523\" data-id=\"647\"  src=\"https:\/\/lasfontaninas.es\/hotelruralbierzo\/wp-content\/uploads\/2015\/06\/33-DSCN9919-1024x523.jpg\" alt=\"\" class=\"wp-image-647\" srcset=\"https:\/\/lasfontaninas.es\/hotelruralbierzo\/wp-content\/uploads\/2015\/06\/33-DSCN9919-1024x523.jpg 1024w, https:\/\/lasfontaninas.es\/hotelruralbierzo\/wp-content\/uploads\/2015\/06\/33-DSCN9919-300x153.jpg 300w\" sizes=\"(max-width: 1024px) 100vw, 1024px\" \/><figcaption class=\"wp-element-caption\">Exterior<\/figcaption><\/figure>\n\n\n\n<figure class=\"wp-block-image size-large\"><img decoding=\"async\" loading=\"lazy\" width=\"1024\" height=\"518\" data-id=\"650\"  src=\"https:\/\/lasfontaninas.es\/hotelruralbierzo\/wp-content\/uploads\/2015\/05\/43-DSCN9930-1024x518.jpg\" alt=\"\" class=\"wp-image-650\" srcset=\"https:\/\/lasfontaninas.es\/hotelruralbierzo\/wp-content\/uploads\/2015\/05\/43-DSCN9930-1024x518.jpg 1024w, https:\/\/lasfontaninas.es\/hotelruralbierzo\/wp-content\/uploads\/2015\/05\/43-DSCN9930-300x152.jpg 300w\" sizes=\"(max-width: 1024px) 100vw, 1024px\" \/><figcaption class=\"wp-element-caption\">Exterior<\/figcaption><\/figure>\n\n\n\n<figure class=\"wp-block-image size-large\"><img decoding=\"async\" loading=\"lazy\" width=\"1024\" height=\"365\" data-id=\"693\"  src=\"https:\/\/lasfontaninas.es\/hotelruralbierzo\/wp-content\/uploads\/2015\/05\/FachadaEntera_10-1024x365.jpg\" alt=\"\" class=\"wp-image-693\" srcset=\"https:\/\/lasfontaninas.es\/hotelruralbierzo\/wp-content\/uploads\/2015\/05\/FachadaEntera_10-1024x365.jpg 1024w, https:\/\/lasfontaninas.es\/hotelruralbierzo\/wp-content\/uploads\/2015\/05\/FachadaEntera_10-300x107.jpg 300w\" sizes=\"(max-width: 1024px) 100vw, 1024px\" \/><figcaption class=\"wp-element-caption\">Exterior<\/figcaption><\/figure>\n<\/figure>\n\n\n\n<p><span style=\"color: #000000;\">Disponemos de una habitaci\u00f3n adaptada, todo lo necesario para tu beb\u00e9.<br><span style=\"color: #000000;\">Existen estancias para nuestros clientes como el sal\u00f3n social para su entretenimiento con lectura, juegos de mesa, m\u00fasica, televisi\u00f3n o disfrutar una tertulia y como no disfrutar al lado de la chimenea.<br><span style=\"color: #000000;\"><span style=\"color: #000000;\"><span style=\"color: #000000;\"><span style=\"color: #000000;\">Parque infantil y juegos de exterior.<br>En el restaurante podr\u00e1s degustar platos tradicionales de la cocina berciana acompa\u00f1ado de los vinos de denominaci\u00f3n de origen del Bierzo.<br><span style=\"color: #000000;\"><span style=\"color: #000000;\"><span style=\"color: #000000;\"><span style=\"color: #000000;\"><span style=\"color: #000000;\"><span style=\"color: #000000;\">Preparamos men\u00fas espec\u00edficos para al\u00e9rgicos e intolerantes.<\/span><\/span><\/span><\/span><\/span><\/span><\/span><\/span><\/span><\/span><\/span><\/span><\/p>\n","protected":false},"excerpt":{"rendered":"<p>Somos un Hotel Rural en El Bierzo, en funcionamiento desde el a\u00f1o 2007 que mantiene la tipolog\u00eda de la zona como en su corredor y fachada. Su interior esta dotado de las mejores calidades y nos hemos preocupado en el m\u00ednimo detalle para que pases una estancia lo m\u00e1s c\u00e1lida y agradable posible, siendo el [&hellip;]<\/p>\n","protected":false},"author":1,"featured_media":0,"parent":0,"menu_order":0,"comment_status":"closed","ping_status":"closed","template":"","meta":[],"_links":{"self":[{"href":"https:\/\/lasfontaninas.es\/hotelruralbierzo\/wp-json\/wp\/v2\/pages\/746"}],"collection":[{"href":"https:\/\/lasfontaninas.es\/hotelruralbierzo\/wp-json\/wp\/v2\/pages"}],"about":[{"href":"https:\/\/lasfontaninas.es\/hotelruralbierzo\/wp-json\/wp\/v2\/types\/page"}],"author":[{"embeddable":true,"href":"https:\/\/lasfontaninas.es\/hotelruralbierzo\/wp-json\/wp\/v2\/users\/1"}],"replies":[{"embeddable":true,"href":"https:\/\/lasfontaninas.es\/hotelruralbierzo\/wp-json\/wp\/v2\/comments?post=746"}],"version-history":[{"count":15,"href":"https:\/\/lasfontaninas.es\/hotelruralbierzo\/wp-json\/wp\/v2\/pages\/746\/revisions"}],"predecessor-version":[{"id":891,"href":"https:\/\/lasfontaninas.es\/hotelruralbierzo\/wp-json\/wp\/v2\/pages\/746\/revisions\/891"}],"wp:attachment":[{"href":"https:\/\/lasfontaninas.es\/hotelruralbierzo\/wp-json\/wp\/v2\/media?parent=746"}],"curies":[{"name":"wp","href":"https:\/\/api.w.org\/{rel}","templated":true}]}}