
{"id":769,"date":"2017-02-14T16:35:14","date_gmt":"2017-02-14T16:35:14","guid":{"rendered":"http:\/\/lasfontaninas.es\/hotelruralbierzo\/?page_id=769"},"modified":"2017-02-14T16:35:14","modified_gmt":"2017-02-14T16:35:14","slug":"politica-de-cookies","status":"publish","type":"page","link":"https:\/\/lasfontaninas.es\/hotelruralbierzo\/politica-de-cookies\/","title":{"rendered":"Pol\u00edtica de Cookies"},"content":{"rendered":"<p>Te informo que esta p\u00e1gina web utiliza cookies para analizar la navegaci\u00f3n de usuarios. Las cookies son unos archivos que se instalan en el equipo desde el que accedes a este sitio web con las finalidades que se describen en esta p\u00e1gina.<\/p>\n<p>Las cookies son ficheros enviados a un navegador por medio de un servidor web para registrar las actividades del Usuario en una web determinada. La primera finalidad de las cookies es la de facilitar al Usuario un acceso m\u00e1s r\u00e1pido a los servicios seleccionados.<\/p>\n<p>Adem\u00e1s, las cookies personalizan los servicios que ofrece el blog, facilitando y ofreciendo a cada usuario informaci\u00f3n que es de su inter\u00e9s o que puede ser de su inter\u00e9s.<\/p>\n<p>Importante: Salvo que el usuario decida registrarse en un servicio de bolet\u00edn de noticias o similar, la \u201cCookie\u201d nunca ir\u00e1 asociada a ning\u00fan dato de car\u00e1cter personal que pueda identificarle . Estas cookies s\u00f3lo ser\u00e1n utilizadas con prop\u00f3sitos estad\u00edsticos que ayuden a la optimizaci\u00f3n de la experiencia de los Usuarios en el sitio.<\/p>\n<p><strong>COOKIES DE WORDPRESS<\/strong><\/p>\n<p>Son las cookies propias de la plataforma web y sirven para ofrecer al usuario una mejor experiencia en la navegaci\u00f3n y visualizaci\u00f3n de los contenidos de la web. Los datos relativos a los usuarios que acceden a la web, no pueden ser consultados o recuperados una vez que el usuario ha abandonado el blog.<\/p>\n<p><strong>COOKIES DE TWITTER\/FACEBOOK\/GOOGLE+ Y LINKEDIN<\/strong><\/p>\n<p>Esta cookie la graba Twitter\/Facebook\/Google+ y Linkedin cuando visitas alguna p\u00e1gina en nuestra web que incluya contadores sociales. Su utilizaci\u00f3n est\u00e1 destinada al control de su publicidad en su web.<\/p>\n<p><strong>COOKIES DE GOOGLE ANALYTICS<\/strong><\/p>\n<p>La aplicaci\u00f3n que utilizamos para obtener y analizar la informaci\u00f3n de la navegaci\u00f3n es: Google Analytics: www.google.com\/analytics\/ y <a href=\"http:\/\/www.google.es\/intl\/es\/analytics\/privacyoverview.html\">http:\/\/www.google.es\/intl\/es\/analytics\/privacyoverview.html<\/a><\/p>\n<p>Esta aplicaci\u00f3n ha sido desarrollada por Google y presta el servicio de an\u00e1lisis de la audiencia de este sitio web. Puedes conocer esos otros usos desde los enlaces indicados.<\/p>\n<p>Esta herramienta no obtiene datos de los nombres o apellidos de los usuarios ni de la direcci\u00f3n postal desde donde se conectan. La informaci\u00f3n que obtiene esta relacionada por ejemplo con el n\u00famero de p\u00e1ginas visitas, el idioma, red social en la que se publican las noticias, la ciudad a la que est\u00e1 asignada la direcci\u00f3n IP desde la que acceden los usuarios, el n\u00famero de usuarios que nos visitan, la frecuencia y reincidencia de las visitas, el tiempo de visita, el navegador que usan, el operador o tipo de terminal desde el que se realiza la visita. Las cookies que utiliza Google Analytics son: _utma, _utmb, _utmc, _utmz<\/p>\n<p>Esta informaci\u00f3n se utiliza para mejorar nuestra p\u00e1gina, detectar nuevas necesidades y valorar las mejoras a introducir con la finalidad de prestar un mejor servicio a los usuarios que nos visitan.<\/p>\n<p><strong>ACEPTACI\u00d3N DE LAS COOKIES<\/strong><\/p>\n<p>Normalmente es posible dejar de aceptar o no las cookies del navegador. Todos los navegadores modernos permiten cambiar la configuraci\u00f3n de cookies. Para permitir, conocer, bloquear o eliminar las cookies instaladas en tu equipo puedes hacerlo mediante la configuraci\u00f3n de las opciones del navegador instalado en su ordenador.<\/p>\n<p>Por ejemplo puedes encontrar informaci\u00f3n sobre c\u00f3mo hacerlo en el caso que uses como<\/p>\n<p>navegador:<\/p>\n<ul>\n<li>Internet Explorer: Herramientas -&gt; Opciones de Internet -&gt; Privacidad-&gt; Configuraci\u00f3n.<\/li>\n<\/ul>\n<p>Para m\u00e1s informaci\u00f3n, puede consultar el soporte de Microsoft o la Ayuda del navegador.<\/p>\n<ul>\n<li>Firefox: Herramientas-&gt; Opciones-&gt; Privacidad-&gt; Historial-&gt; Configuraci\u00f3n Personalizada. Para m\u00e1s informaci\u00f3n, puede consultar el soporte de Mozilla o la Ayuda del navegador.<\/li>\n<li>Chrome: Configuraci\u00f3n-&gt; Mostrar opciones avanzadas-&gt; Privacidad-&gt; Configuraci\u00f3n de contenido.Para m\u00e1s informaci\u00f3n, puede consultar el soporte de Google o la Ayuda del navegador.<\/li>\n<li>Safari: Preferencias-&gt; Seguridad. Para m\u00e1s informaci\u00f3n, puede consultar el soporte de Apple o la Ayuda del navegador.<\/li>\n<li>Opera desde aqu\u00ed: http:\/\/help.opera.com\/Windows\/11.50\/es-ES\/cookies.html<\/li>\n<\/ul>\n<p><strong>\u00bfQU\u00c9 OCURRE SI SE DESHABILITAN LAS COOKIES?<\/strong><\/p>\n<p>Algunas funcionalidades de la web podr\u00edan deshabilitados como, por ejemplo, permanecer identificado, recibir informaci\u00f3n dirigida a su localizaci\u00f3n o la visualizaci\u00f3n de algunos v\u00eddeos.<\/p>\n<p><strong>ACTUALIZACIONES Y CAMBIOS EN LA POL\u00cdTICA DE PRIVACIDAD<\/strong><\/p>\n<p>El propietario de este sitio web puede modificar esta Pol\u00edtica de Cookies en funci\u00f3n de exigencias legislativas, reglamentarias, o con la finalidad de adaptar dicha pol\u00edtica a las instrucciones dictadas por la Agencia Espa\u00f1ola de Protecci\u00f3n de Datos, por ello se aconseja a los Usuarios que la visiten peri\u00f3dicamente.<\/p>\n","protected":false},"excerpt":{"rendered":"<p>Te informo que esta p\u00e1gina web utiliza cookies para analizar la navegaci\u00f3n de usuarios. Las cookies son unos archivos que se instalan en el equipo desde el que accedes a este sitio web con las finalidades que se describen en esta p\u00e1gina. Las cookies son ficheros enviados a un navegador por medio de un servidor [&hellip;]<\/p>\n","protected":false},"author":1,"featured_media":0,"parent":0,"menu_order":0,"comment_status":"closed","ping_status":"closed","template":"","meta":[],"_links":{"self":[{"href":"https:\/\/lasfontaninas.es\/hotelruralbierzo\/wp-json\/wp\/v2\/pages\/769"}],"collection":[{"href":"https:\/\/lasfontaninas.es\/hotelruralbierzo\/wp-json\/wp\/v2\/pages"}],"about":[{"href":"https:\/\/lasfontaninas.es\/hotelruralbierzo\/wp-json\/wp\/v2\/types\/page"}],"author":[{"embeddable":true,"href":"https:\/\/lasfontaninas.es\/hotelruralbierzo\/wp-json\/wp\/v2\/users\/1"}],"replies":[{"embeddable":true,"href":"https:\/\/lasfontaninas.es\/hotelruralbierzo\/wp-json\/wp\/v2\/comments?post=769"}],"version-history":[{"count":1,"href":"https:\/\/lasfontaninas.es\/hotelruralbierzo\/wp-json\/wp\/v2\/pages\/769\/revisions"}],"predecessor-version":[{"id":771,"href":"https:\/\/lasfontaninas.es\/hotelruralbierzo\/wp-json\/wp\/v2\/pages\/769\/revisions\/771"}],"wp:attachment":[{"href":"https:\/\/lasfontaninas.es\/hotelruralbierzo\/wp-json\/wp\/v2\/media?parent=769"}],"curies":[{"name":"wp","href":"https:\/\/api.w.org\/{rel}","templated":true}]}}